{"id":16354,"date":"2024-02-29T14:50:36","date_gmt":"2024-02-29T14:50:36","guid":{"rendered":"https:\/\/car4youspain.com\/polityka-plikow-cookie\/"},"modified":"2025-07-02T16:15:07","modified_gmt":"2025-07-02T16:15:07","slug":"polityka-plikow-cookie","status":"publish","type":"page","link":"https:\/\/car4youspain.com\/pl\/polityka-plikow-cookie\/","title":{"rendered":"Polityka plik\u00f3w cookie"},"content":{"rendered":"\n<p><strong>S\u00fctik (cookie) kezel\u00e9se<\/strong><\/p>\n\n<p>A Spanyolorsz\u00e1g aut\u00f3b\u00e9rl\u00e9s weboldala s\u00fctiket hasn\u00e1l a weboldal m\u0171k\u00f6dtet\u00e9se, haszn\u00e1lat\u00e1nak megk\u00f6nny\u00edt\u00e9se, a weboldalon v\u00e9gzett tev\u00e9kenys\u00e9g nyomon k\u00f6vet\u00e9se \u00e9s relev\u00e1ns aj\u00e1nlatok megjelen\u00edt\u00e9se \u00e9rdek\u00e9ben.<\/p>\n\n<p>W zwi\u0105zku z tym, \u017ce dokumentacja dotycz\u0105ca plik\u00f3w cookie jest dost\u0119pna w Internecie, nale\u017cy pami\u0119ta\u0107 o tym, \u017ce firma \u00d6nre (a tov\u00e1bbiakban: Felhaszn\u00e1l\u00f3) nie jest w \u017caden spos\u00f3b powi\u0105zana z plikami cookie. Nale\u017cy pami\u0119ta\u0107, \u017ce pliki cookie s\u0105 przechowywane w witrynie internetowej. <\/p>\n\n<p><strong>Czy jestem ciasteczkiem?<\/strong><\/p>\n\n<p>Cookie (magyarul &#8222;s\u00fcti&#8221;) egy olyan kism\u00e9ret\u0171 adatcsomag, amit az internetes szolg\u00e1ltat\u00e1sok a b\u00f6ng\u00e9sz\u0151ben t\u00e1rolnak el. A hat\u00e9kony \u00e9s modern felhaszn\u00e1l\u00f3i \u00e9lm\u00e9nyt ny\u00fajt\u00f3 online szolg\u00e1ltat\u00e1s m\u0171k\u00f6d\u00e9s\u00e9hez elengedhetetlen technol\u00f3gia, amelyet manaps\u00e1g minden b\u00f6ng\u00e9sz\u0151 t\u00e1mogat. <\/p>\n\n<p><strong>Hogyan keletkezik a Cookie?<\/strong><\/p>\n\n<p>El\u0151sz\u00f6r a kliens g\u00e9p k\u00fcld egy k\u00e9r\u00e9st a kiszolg\u00e1l\u00f3 ir\u00e1ny\u00e1ba. W zwi\u0105zku z tym, \u017ce kiszolg\u00e1l\u00f3 nie jest w stanie dostarczy\u0107 \u017cadnych informacji, a plik cookie nie jest w stanie dostarczy\u0107 \u017cadnych informacji do klienta. Informacje o plikach cookie s\u0105 wy\u015bwietlane na ekranie.  <\/p>\n\n<p><strong>Hogyan hasznosul a Cookie?<\/strong><\/p>\n\n<p>Amikor a kliens g\u00e9p \u00fajra kapcsolatba l\u00e9p a kiszolg\u00e1l\u00f3val m\u00e1r p\u00e1ros\u00edtja az el\u0151z\u0151leg m\u00e1r l\u00e9trehozott \u00e9s elt\u00e1rolt cookie-t. A kiszolg\u00e1l\u00f3 \u00f6sszehasonl\u00edtja a kapott \u00e9s az \u00e1ltala t\u00e1rolt cookie tartalm\u00e1t. W razie potrzeby mo\u017cna r\u00f3wnie\u017c skorzysta\u0107 z us\u0142ugi regisztr\u00e1lt felhaszn\u00e1l\u00f3t. Nie ma potrzeby, aby\u015b korzysta\u0142 z naszej strony internetowej.   <\/p>\n\n<p><strong>Co to jest internet?<\/strong><\/p>\n\n<p>A weboldal a s\u00fctiket a k\u00f6vetkez\u0151 c\u00e9lokb\u00f3l haszn\u00e1lja<\/p>\n\n<ul class=\"wp-block-list\">\n<li>weboldalunk fejleszt\u00e9se,<\/li>\n\n\n\n<li>Nawigacja w Internecie jest bardzo popularna, a stare funkcje s\u0105 bardzo przydatne,<\/li>\n\n\n\n<li>informujemy, \u017ce weboldalunkat jest bardzo popularny, a weboldalunk jest bardzo popularny, Je\u015bli chodzi o prac\u0119, \u00d6nnek nie jest w stanie tego zrobi\u0107, jest to bardzo wa\u017cne,<\/li>\n\n\n\n<li>W zwi\u0105zku z tym, \u017ce nie jest to ju\u017c mo\u017cliwe, nie jest to ju\u017c mo\u017cliwe,<\/li>\n\n\n\n<li>wi\u0119cej informacji na stronie internetowej,<\/li>\n\n\n\n<li>b\u00f6ng\u00e9sz\u0151 felhaszn\u00e1l\u00f3k megk\u00fcl\u00f6nb\u00f6ztet\u00e9se, azonos\u00edt\u00e1sa,<\/li>\n\n\n\n<li>a weboldalon v\u00e9gzett tev\u00e9kenys\u00e9gek nyomon k\u00f6vet\u00e9s\u00e9re az\u00e9rt, hogy \u00e1ltaluk m\u00e9g ink\u00e1bb kifejezetten az \u00d6nt \u00e9rdekl\u0151 vagy az \u00d6n sz\u00e1m\u00e1ra fontos, relev\u00e1ns aj\u00e1nlatokr\u00f3l \u00fczenetet juttathassunk el az \u00d6n sz\u00e1m\u00e1ra.<\/li>\n<\/ul>\n\n<h2 class=\"wp-block-heading\"><strong>A s\u00fctik t\u00edpusai<\/strong><\/h2>\n\n<p><strong>Alapm\u0171k\u00f6d\u00e9st biztos\u00edt\u00f3 s\u00fctik<\/strong><\/p>\n\n<p>W sieci mo\u017cna znale\u017a\u0107 wiele r\u00f3\u017cnych informacji, kt\u00f3re mog\u0105 by\u0107 przydatne w codziennej pracy.<\/p>\n\n<p>Jest to idealne rozwi\u0105zanie, aby zapewni\u0107 mo\u017cliwo\u015b\u0107 korzystania z wielu funkcji, w tym z Google Analytics, dost\u0119pu do stron internetowych, dost\u0119pu do zasob\u00f3w internetowych oraz funkcjonalno\u015bci Google Analytics.<\/p>\n\n<p>Nie ma w\u0105tpliwo\u015bci, \u017ce alkalmaz\u00e1sa nie jest gwarantowana przez \u00d6nnek weboldalunk k\u00e9nyelmes haszn\u00e1lat\u00e1t.<\/p>\n\n<p>Statisztikai c\u00e9l\u00fa s\u00fctik<\/p>\n\n<p>Weboldalunk fejleszt\u00e9s\u00e9nek, valamint a felhaszn\u00e1l\u00f3k sz\u00e1m\u00e1ra biztos\u00edtott \u00e9lm\u00e9nyek jav\u00edt\u00e1s\u00e1nak c\u00e9lj\u00e1val olyan s\u00fctiket is haszn\u00e1lunk, informujemy, \u017ce nie ma \u017cadnych ogranicze\u0144, je\u015bli chodzi o strony internetowe. Ezek a s\u00fctik nem tudj\u00e1k \u00d6nt szem\u00e9ly szerint beazonos\u00edtani, olyan inform\u00e1ci\u00f3kat gy\u0171jtenek, mint pl. hogy melyik oldalt n\u00e9zte meg a l\u00e1togat\u00f3nk, a felhaszn\u00e1l\u00f3 a weboldal mely r\u00e9sz\u00e9re kattintott, h\u00e1ny oldalt keresett fel, milyen hossz\u00fa volt az egyes munkamenetek megtekint\u00e9si ideje, melyek voltak az esetleges hiba\u00fczenetek. <\/p>\n\n<p><strong>Teljes\u00edtm\u00e9nyt biztos\u00edt\u00f3 s\u00fctik<\/strong><\/p>\n\n<p>Google Analytics jest narz\u0119dziem do analizy biznesowej. Us\u0142uga Google Analytics jest dost\u0119pna pod adresem: <a href=\"https:\/\/developers.google.com\/analytics\/devguides\/collection\/analyticsjs\/cookie-usage\" target=\"_blank\" rel=\"noopener\">https:\/\/developers.google.com\/analytics\/devguides\/collection\/analyticsjs\/cookie-usage.<\/a> <\/p>\n\n<p>Google Optimize to najlepsze rozwi\u0105zanie dla firm. Us\u0142uga Google Optimize jest bardzo popularna: <\/p>\n\n<p><a href=\"https:\/\/developers.google.com\/analytics\/devguides\/collection\/analyticsjs\/cookie-usage.\" target=\"_blank\" rel=\"noopener\">https:\/\/developers.google.com\/analytics\/devguides\/collection\/analyticsjs\/cookie-usage.<\/a><\/p>\n\n<p><strong>C\u00e9lz\u00f3- \u00e9s hirdet\u00e9si s\u00fctik<\/strong><\/p>\n\n<p>Ezeknek a s\u00fctiknek az a c\u00e9lja, hogy \u00e1ltaluk m\u00e9g ink\u00e1bb az \u00d6nt \u00e9rdekl\u0151 vagy az \u00d6n sz\u00e1m\u00e1ra relev\u00e1ns hirdet\u00e9sek jelenjenek meg a weboldalakon. Ezek a s\u00fctik az \u00d6n hozz\u00e1j\u00e1rul\u00e1sa n\u00e9lk\u00fcl nem tudj\u00e1k \u00d6nt szem\u00e9ly szerint beazonos\u00edtani, olyan inform\u00e1ci\u00f3kat gy\u0171jtenek, mint pl. hogy melyik oldalt n\u00e9zte meg a l\u00e1togat\u00f3nk, a felhaszn\u00e1l\u00f3 a weboldal mely r\u00e9sz\u00e9re kattintott, h\u00e1ny oldalt keresett fel, mindezt az \u00d6n \u00e9rdekl\u0151d\u00e9s\u00e9re sz\u00e1mot tart\u00f3 tartalmak megismer\u00e9se \u00e9rdek\u00e9ben. <\/p>\n\n<p>W zwi\u0105zku z tym, \u017ce marketing internetowy jest bardzo popularny, w sieci mo\u017cna znale\u017a\u0107 wiele informacji na jego temat, marketing komunikacyjny jest jednym z najwa\u017cniejszych czynnik\u00f3w, kt\u00f3re wp\u0142ywaj\u0105 na jako\u015b\u0107 pracy, a tak\u017ce na to, w jaki spos\u00f3b marketing komunikacyjny wp\u0142ywa na jako\u015b\u0107 pracy.<\/p>\n\n<h2 class=\"wp-block-heading\"><strong>W tym przypadku jest to bardzo wa\u017cne:<\/strong><\/h2>\n\n<p><strong>Google Adwords<\/strong><\/p>\n\n<p>A szolg\u00e1ltat\u00e1ssal kapcsolatos r\u00e9szletes t\u00e1j\u00e9koztat\u00f3 a k\u00f6vetkez\u0151 linken kereszt\u00fcl \u00e9rhet\u0151 el: <a href=\"https:\/\/www.google.com\/intl\/hu\/policies\/privacy\" target=\"_blank\" rel=\"noopener\">https:\/\/www.google.com\/intl\/hu\/policies\/privacy<\/a><\/p>\n\n<p><strong>Facebook<\/strong><\/p>\n\n<p>A szolg\u00e1ltat\u00e1ssal kapcsolatos r\u00e9szletes t\u00e1j\u00e9koztat\u00f3 a k\u00f6vetkez\u0151 linken \u00e9rhet\u0151 el: <a href=\"https:\/\/www.facebook.com\/help\/cookies\/\" target=\"_blank\" rel=\"noopener\">https:\/\/www.facebook.com\/help\/cookies\/<\/a><\/p>\n\n<p><strong>Doubleclick<\/strong><\/p>\n\n<p>A szolg\u00e1ltat\u00e1ssal kapcsolatos r\u00e9szletes t\u00e1j\u00e9koztat\u00f3 a k\u00f6vetkez\u0151 linken \u00e9rhet\u0151 el: <a href=\"https:\/\/www.google.com\/intl\/hu\/policies\/privacy\" target=\"_blank\" rel=\"noopener\">https:\/\/www.google.com\/intl\/hu\/policies\/privacy<\/a><\/p>\n\n<p><strong>Instagram<\/strong><\/p>\n\n<p>A szolg\u00e1ltat\u00e1ssal kapcsolatos r\u00e9szletes t\u00e1j\u00e9koztat\u00f3 a k\u00f6vetkez\u0151 linken \u00e9rhet\u0151 el: <a href=\"https:\/\/help.instagram.com\/402411646841720\" target=\"_blank\" rel=\"noopener\">https:\/\/help.instagram.com\/402411646841720<\/a><\/p>\n\n<h2 class=\"wp-block-heading\"><strong>Co to jest &#8222;ellen\u0151rizheti&#8221;, a mo\u017ce &#8222;tudja kikapcsolnia a s\u00fctiket&#8221;?<\/strong><\/h2>\n\n<p>Minden modern b\u00f6ng\u00e9sz\u0151 enged\u00e9lyezi a s\u00fctik be\u00e1ll\u00edt\u00e1s\u00e1nak a v\u00e1ltoztat\u00e1s\u00e1t. A legt\u00f6bb b\u00f6ng\u00e9sz\u0151 alap\u00e9rtelmezettk\u00e9nt automatikusan elfogadja a s\u00fctiket, ezek a be\u00e1ll\u00edt\u00e1sok azonban \u00e1ltal\u00e1ban megv\u00e1ltoztathat\u00f3k, a b\u00f6ng\u00e9sz\u0151 meg tudja akad\u00e1lyozni az automatikus elfogad\u00e1st, \u00e9s minden alkalommal fel tudja aj\u00e1nlani a v\u00e1laszt\u00e1s lehet\u0151s\u00e9g\u00e9t, hogy enged\u00e9lyezi-e a s\u00fctiket. <\/p>\n\n<p>Warto pami\u0119ta\u0107, \u017ce w wi\u0119kszo\u015bci przypadk\u00f3w weboldalunk dzia\u0142a bardzo dobrze, a cookie-k alkalmaz\u00e1s\u00e1nak megakad\u00e1lyoz\u00e1sa dzia\u0142a bardzo dobrze, nie ma mo\u017cliwo\u015bci, aby strona internetowa dzia\u0142a\u0142a w spos\u00f3b ci\u0105g\u0142y, dlatego te\u017c nie ma mo\u017cliwo\u015bci, aby strona internetowa dzia\u0142a\u0142a w spos\u00f3b ci\u0105g\u0142y, dlatego te\u017c nie ma mo\u017cliwo\u015bci, aby strona internetowa dzia\u0142a\u0142a w spos\u00f3b ci\u0105g\u0142y.<\/p>\n\n<p><strong>A legn\u00e9pszer\u0171bb b\u00f6ng\u00e9sz\u0151k s\u00fcti be\u00e1ll\u00edt\u00e1sair\u00f3l az al\u00e1bbi linkeken t\u00e1j\u00e9koz\u00f3dhat:<\/strong><\/p>\n\n<ul class=\"wp-block-list\">\n<li>Google Chrome<\/li>\n\n\n\n<li>Firefox<\/li>\n\n\n\n<li>Microsoft Internet Explorer<\/li>\n\n\n\n<li>Microsoft Edge<\/li>\n\n\n\n<li><a href=\"https:\/\/support.apple.com\/hu-hu\/guide\/safari\/manage-cookies-and-website-data-sfri11471\/mac\" target=\"_blank\" rel=\"noopener\">Safari<\/a><\/li>\n<\/ul>\n","protected":false},"excerpt":{"rendered":"<p>S\u00fctik (cookie) kezel\u00e9se A Spanyolorsz\u00e1g aut\u00f3b\u00e9rl\u00e9s weboldala s\u00fctiket hasn\u00e1l a weboldal m\u0171k\u00f6dtet\u00e9se, haszn\u00e1lat\u00e1nak megk\u00f6nny\u00edt\u00e9se, a weboldalon v\u00e9gzett tev\u00e9kenys\u00e9g nyomon k\u00f6vet\u00e9se \u00e9s relev\u00e1ns aj\u00e1nlatok megjelen\u00edt\u00e9se \u00e9rdek\u00e9ben. W zwi\u0105zku z tym, \u017ce dokumentacja dotycz\u0105ca plik\u00f3w cookie jest dost\u0119pna w Internecie, nale\u017cy pami\u0119ta\u0107 o tym, \u017ce firma \u00d6nre (a tov\u00e1bbiakban: Felhaszn\u00e1l\u00f3) nie jest w \u017caden spos\u00f3b powi\u0105zana z [&hellip;]<\/p>\n","protected":false},"author":1,"featured_media":0,"parent":0,"menu_order":8,"comment_status":"closed","ping_status":"closed","template":"","meta":{"footnotes":""},"class_list":["post-16354","page","type-page","status-publish","hentry"],"_links":{"self":[{"href":"https:\/\/car4youspain.com\/pl\/wp-json\/wp\/v2\/pages\/16354","targetHints":{"allow":["GET"]}}],"collection":[{"href":"https:\/\/car4youspain.com\/pl\/wp-json\/wp\/v2\/pages"}],"about":[{"href":"https:\/\/car4youspain.com\/pl\/wp-json\/wp\/v2\/types\/page"}],"author":[{"embeddable":true,"href":"https:\/\/car4youspain.com\/pl\/wp-json\/wp\/v2\/users\/1"}],"replies":[{"embeddable":true,"href":"https:\/\/car4youspain.com\/pl\/wp-json\/wp\/v2\/comments?post=16354"}],"version-history":[{"count":0,"href":"https:\/\/car4youspain.com\/pl\/wp-json\/wp\/v2\/pages\/16354\/revisions"}],"wp:attachment":[{"href":"https:\/\/car4youspain.com\/pl\/wp-json\/wp\/v2\/media?parent=16354"}],"curies":[{"name":"wp","href":"https:\/\/api.w.org\/{rel}","templated":true}]}}