{"id":16341,"date":"2024-11-22T21:51:42","date_gmt":"2024-11-22T21:51:42","guid":{"rendered":"https:\/\/car4youspain.com\/o-nas\/"},"modified":"2025-07-03T10:05:08","modified_gmt":"2025-07-03T10:05:08","slug":"o-nas","status":"publish","type":"page","link":"https:\/\/car4youspain.com\/pl\/o-nas\/","title":{"rendered":"O nas"},"content":{"rendered":"\t\t<div data-elementor-type=\"wp-page\" data-elementor-id=\"16341\" class=\"elementor elementor-16341 elementor-4812\" data-elementor-post-type=\"page\">\n\t\t\t\t<div class=\"elementor-element elementor-element-07962cd e-flex e-con-boxed e-con e-parent\" data-id=\"07962cd\" data-element_type=\"container\" data-e-type=\"container\">\n\t\t\t\t\t<div class=\"e-con-inner\">\n\t\t\t\t<div class=\"elementor-element elementor-element-6b535a3 elementor-widget elementor-widget-spacer\" data-id=\"6b535a3\" data-element_type=\"widget\" data-e-type=\"widget\" data-widget_type=\"spacer.default\">\n\t\t\t\t\t\t\t<div class=\"elementor-spacer\">\n\t\t\t<div class=\"elementor-spacer-inner\"><\/div>\n\t\t<\/div>\n\t\t\t\t\t\t<\/div>\n\t\t\t\t\t<\/div>\n\t\t\t\t<\/div>\n\t\t<div class=\"elementor-element elementor-element-420f5d0 e-flex e-con-boxed e-con e-parent\" data-id=\"420f5d0\" data-element_type=\"container\" data-e-type=\"container\">\n\t\t\t\t\t<div class=\"e-con-inner\">\n\t\t\t\t<div class=\"elementor-element elementor-element-967242f elementor-widget elementor-widget-heading\" data-id=\"967242f\" data-element_type=\"widget\" data-e-type=\"widget\" data-widget_type=\"heading.default\">\n\t\t\t\t\t<h1 class=\"elementor-heading-title elementor-size-default\">Kim jeste\u015bmy?<\/h1>\t\t\t\t<\/div>\n\t\t<div class=\"elementor-element elementor-element-089b49b e-grid e-con-full e-con e-child\" data-id=\"089b49b\" data-element_type=\"container\" data-e-type=\"container\">\n\t\t<div class=\"elementor-element elementor-element-76dbc9d e-con-full e-flex e-con e-child\" data-id=\"76dbc9d\" data-element_type=\"container\" data-e-type=\"container\">\n\t\t\t\t<div class=\"elementor-element elementor-element-1d2162c elementor-widget elementor-widget-heading\" data-id=\"1d2162c\" data-element_type=\"widget\" data-e-type=\"widget\" data-widget_type=\"heading.default\">\n\t\t\t\t\t<h2 class=\"elementor-heading-title elementor-size-default\">Prawdziwi podr\u00f3\u017cnicy, prawdziwe do\u015bwiadczenia - Pomagamy wynaj\u0105\u0107 samoch\u00f3d!<\/h2>\t\t\t\t<\/div>\n\t\t\t\t<div class=\"elementor-element elementor-element-9ca299e elementor-widget elementor-widget-text-editor\" data-id=\"9ca299e\" data-element_type=\"widget\" data-e-type=\"widget\" data-widget_type=\"text-editor.default\">\n\t\t\t\t\t\t\t\t\t<p>Witamy! Nie jeste\u015bmy zwyk\u0142\u0105 por\u00f3wnywark\u0105 wypo\u017cyczalni samochod\u00f3w. Stworzyli\u015bmy t\u0119 stron\u0119 z ponad <strong>dziesi\u0119cioletnim do\u015bwiadczeniem w podr\u00f3\u017cowaniu po Hiszpanii i niezliczonymi do\u015bwiadczeniami zwi\u0105zanymi z wynajmem samochod\u00f3w<\/strong>, aby dzieli\u0107 si\u0119 z Tob\u0105 prawdziwymi, wiarygodnymi informacjami.  <\/p>\t\t\t\t\t\t\t\t<\/div>\n\t\t\t\t<\/div>\n\t\t\t\t<div class=\"elementor-element elementor-element-60bc41c elementor-widget elementor-widget-image\" data-id=\"60bc41c\" data-element_type=\"widget\" data-e-type=\"widget\" data-widget_type=\"image.default\">\n\t\t\t\t\t\t\t\t\t\t\t\t\t\t\t<img decoding=\"async\" src=\"https:\/\/car4youspain.com\/wp-content\/uploads\/elementor\/thumbs\/car-rental-spain-without-deposit-r87ixgzafkp74bfg9nf7zym803azm10kenkzeie6qo.jpg\" title=\"car rental spain without deposit\" alt=\"car rental spain without deposit\" loading=\"lazy\" \/>\t\t\t\t\t\t\t\t\t\t\t\t\t\t\t<\/div>\n\t\t\t\t<\/div>\n\t\t\t\t<div class=\"elementor-element elementor-element-0cea1de elementor-widget elementor-widget-heading\" data-id=\"0cea1de\" data-element_type=\"widget\" data-e-type=\"widget\" data-widget_type=\"heading.default\">\n\t\t\t\t\t<h2 class=\"elementor-heading-title elementor-size-default\">Jak zacz\u0119li\u015bmy?<\/h2>\t\t\t\t<\/div>\n\t\t\t\t<div class=\"elementor-element elementor-element-2ff5aa8 elementor-widget elementor-widget-text-editor\" data-id=\"2ff5aa8\" data-element_type=\"widget\" data-e-type=\"widget\" data-widget_type=\"text-editor.default\">\n\t\t\t\t\t\t\t\t\t<p>Podobnie jak wiele innych os\u00f3b, rozpocz\u0119li\u015bmy nasz\u0105 przygod\u0119 w Hiszpanii za po\u015brednictwem popularnej strony agreguj\u0105cej wynajem samochod\u00f3w. Jednak po <strong>z\u0142ych do\u015bwiadczeniach<\/strong> szybko zdali\u015bmy sobie spraw\u0119, \u017ce <strong>lepiej jest wynajmowa\u0107 bezpo\u015brednio od samych wypo\u017cyczalni<\/strong>. <\/p><p>Ta \u015bwiadomo\u015b\u0107 sk\u0142oni\u0142a nas do zag\u0142\u0119bienia si\u0119 w temat i znalezienia wiarygodnych firm wynajmuj\u0105cych, kt\u00f3re naprawd\u0119 oferuj\u0105 najlepsze us\u0142ugi.<\/p>\t\t\t\t\t\t\t\t<\/div>\n\t\t\t\t<div class=\"elementor-element elementor-element-0174104 elementor-widget elementor-widget-heading\" data-id=\"0174104\" data-element_type=\"widget\" data-e-type=\"widget\" data-widget_type=\"heading.default\">\n\t\t\t\t\t<h2 class=\"elementor-heading-title elementor-size-default\">Co oferujemy?<\/h2>\t\t\t\t<\/div>\n\t\t\t\t<div class=\"elementor-element elementor-element-9d60f96 elementor-widget elementor-widget-text-editor\" data-id=\"9d60f96\" data-element_type=\"widget\" data-e-type=\"widget\" data-widget_type=\"text-editor.default\">\n\t\t\t\t\t\t\t\t\t<ul><li><strong>Szczeg\u00f3\u0142owe informacje z pierwszej r\u0119ki<\/strong> na temat najlepszych wypo\u017cyczalni samochod\u00f3w<\/li><li><strong>Praktyczne porady i wskaz\u00f3wki<\/strong> dotycz\u0105ce sprawnego wynajmu samochodu<\/li><li><strong>Uczciwe recenzje i oceny<\/strong> od prawdziwych podr\u00f3\u017cnik\u00f3w<\/li><li><strong>Spersonalizowane porady i pomoc<\/strong><\/li><li><strong>Bezpo\u015bredni contact z wiarygodnymi wypo\u017cyczalniami samochod\u00f3w<\/strong><\/li><\/ul>\t\t\t\t\t\t\t\t<\/div>\n\t\t\t\t<div class=\"elementor-element elementor-element-6fef19e elementor-widget elementor-widget-heading\" data-id=\"6fef19e\" data-element_type=\"widget\" data-e-type=\"widget\" data-widget_type=\"heading.default\">\n\t\t\t\t\t<h2 class=\"elementor-heading-title elementor-size-default\">Jak mo\u017cemy pom\u00f3c w podj\u0119ciu najlepszej decyzji?\n<\/h2>\t\t\t\t<\/div>\n\t\t\t\t<div class=\"elementor-element elementor-element-043667e elementor-widget elementor-widget-text-editor\" data-id=\"043667e\" data-element_type=\"widget\" data-e-type=\"widget\" data-widget_type=\"text-editor.default\">\n\t\t\t\t\t\t\t\t\t<p><strong>Jeste\u015bmy do\u015bwiadczonymi podr\u00f3\u017cnikami<\/strong> &#8211; dok\u0142adnie wiemy, jakie pu\u0142apki mo\u017cna napotka\u0107 podczas wynajmu samochodu i mo\u017cemy pom\u00f3c ich unikn\u0105\u0107.<\/p><p><strong>My nie tylko informujemy, my pomagamy<\/strong> &#8211; nasza strona internetowa to nie tylko por\u00f3wnywarka, to kompleksowy przewodnik, kt\u00f3ry pomo\u017ce Ci dokona\u0107 w\u0142a\u015bciwego wyboru.<\/p><p><strong>Niezale\u017cne i wiarygodne rekomendacje<\/strong> &#8211; polecamy tylko te wypo\u017cyczalnie, kt\u00f3re oferuj\u0105 naprawd\u0119 dobre us\u0142ugi, dzi\u0119ki czemu mo\u017cesz mie\u0107 pewno\u015b\u0107, \u017ce dokonujesz w\u0142a\u015bciwego wyboru.<\/p><p><strong>Uczciwe i jasne wskaz\u00f3wki<\/strong> &#8211; nie zmuszamy Ci\u0119 do zag\u0142\u0119biania si\u0119 w drobny druk, wyja\u015bniamy wszystko, co musisz wiedzie\u0107, w jasny spos\u00f3b, aby\u015b m\u00f3g\u0142 dokona\u0107 rezerwacji bez obaw.<\/p><p>Dzi\u0119ki temu mo\u017cesz zaoszcz\u0119dzi\u0107 czas, pieni\u0105dze i k\u0142opoty, ciesz\u0105c si\u0119 podr\u00f3\u017c\u0105 bez obaw!<\/p>\t\t\t\t\t\t\t\t<\/div>\n\t\t\t\t<div class=\"elementor-element elementor-element-6f497e0 elementor-widget elementor-widget-heading\" data-id=\"6f497e0\" data-element_type=\"widget\" data-e-type=\"widget\" data-widget_type=\"heading.default\">\n\t\t\t\t\t<h2 class=\"elementor-heading-title elementor-size-default\">Wiemy, jakie pytania mo\u017cesz mie\u0107...<\/h2>\t\t\t\t<\/div>\n\t\t\t\t<div class=\"elementor-element elementor-element-46a5185 elementor-widget elementor-widget-text-editor\" data-id=\"46a5185\" data-element_type=\"widget\" data-e-type=\"widget\" data-widget_type=\"text-editor.default\">\n\t\t\t\t\t\t\t\t\t<p>Gdzie wypo\u017cyczy\u0107 samoch\u00f3d w Hiszpanii?<br>Kt\u00f3ra wypo\u017cyczalnia jest najbardziej niezawodna?<br>Na co zwr\u00f3ci\u0107 uwag\u0119, aby unikn\u0105\u0107 ukrytych koszt\u00f3w?<br>Jakie ubezpieczenie wybra\u0107?<\/p><p><strong>Mamy wszystkie odpowiedzi!<\/strong>  Sprawd\u017a nasze przewodniki po ka\u017cdym miejscu docelowym i znajd\u017a najlepsz\u0105 opcj\u0119 wynajmu samochodu dla siebie!<\/p>\t\t\t\t\t\t\t\t<\/div>\n\t\t\t\t<div class=\"elementor-element elementor-element-ac817d0 elementor-widget elementor-widget-heading\" data-id=\"ac817d0\" data-element_type=\"widget\" data-e-type=\"widget\" data-widget_type=\"heading.default\">\n\t\t\t\t\t<h2 class=\"elementor-heading-title elementor-size-default\">Wypo\u017cyczanie samochod\u00f3w z nami jest proste, szybkie i bezproblemowe!<\/h2>\t\t\t\t<\/div>\n\t\t\t\t\t<\/div>\n\t\t\t\t<\/div>\n\t\t<div class=\"elementor-element elementor-element-e129b01 e-flex e-con-boxed e-con e-parent\" data-id=\"e129b01\" data-element_type=\"container\" data-e-type=\"container\">\n\t\t\t\t\t<div class=\"e-con-inner\">\n\t\t\t\t<div class=\"elementor-element elementor-element-a131a59 elementor-widget elementor-widget-spacer\" data-id=\"a131a59\" data-element_type=\"widget\" data-e-type=\"widget\" data-widget_type=\"spacer.default\">\n\t\t\t\t\t\t\t<div class=\"elementor-spacer\">\n\t\t\t<div class=\"elementor-spacer-inner\"><\/div>\n\t\t<\/div>\n\t\t\t\t\t\t<\/div>\n\t\t\t\t\t<\/div>\n\t\t\t\t<\/div>\n\t\t<div class=\"elementor-element elementor-element-5a55913 e-flex e-con-boxed e-con e-parent\" data-id=\"5a55913\" data-element_type=\"container\" data-e-type=\"container\" data-settings=\"{&quot;background_background&quot;:&quot;classic&quot;}\">\n\t\t\t\t\t<div class=\"e-con-inner\">\n\t\t\t\t<div class=\"elementor-element elementor-element-cd4307a elementor-headline--style-highlight elementor-widget elementor-widget-animated-headline\" data-id=\"cd4307a\" data-element_type=\"widget\" data-e-type=\"widget\" data-settings=\"{&quot;marker&quot;:&quot;underline&quot;,&quot;highlighted_text&quot;:&quot;jeste\\u015bmy tutaj, aby pom\\u00f3c&quot;,&quot;headline_style&quot;:&quot;highlight&quot;,&quot;loop&quot;:&quot;yes&quot;,&quot;highlight_animation_duration&quot;:1200,&quot;highlight_iteration_delay&quot;:8000}\" data-widget_type=\"animated-headline.default\">\n\t\t\t\t\t\t\t<h3 class=\"elementor-headline\">\n\t\t\t\t\t<span class=\"elementor-headline-plain-text elementor-headline-text-wrapper\">Potrzebujesz pomocy? Napisz do nas e-mail lub wiadomo\u015b\u0107 na WhatsApp - <\/span>\n\t\t\t\t<span class=\"elementor-headline-dynamic-wrapper elementor-headline-text-wrapper\">\n\t\t\t\t\t<span class=\"elementor-headline-dynamic-text elementor-headline-text-active\">jeste\u015bmy tutaj, aby pom\u00f3c<\/span>\n\t\t\t\t<\/span>\n\t\t\t\t<\/h3>\n\t\t\t\t\t\t<\/div>\n\t\t\t\t<div class=\"elementor-element elementor-element-2537c48 elementor-widget elementor-widget-spacer\" data-id=\"2537c48\" data-element_type=\"widget\" data-e-type=\"widget\" data-widget_type=\"spacer.default\">\n\t\t\t\t\t\t\t<div class=\"elementor-spacer\">\n\t\t\t<div class=\"elementor-spacer-inner\"><\/div>\n\t\t<\/div>\n\t\t\t\t\t\t<\/div>\n\t\t\t\t\t<\/div>\n\t\t\t\t<\/div>\n\t\t\t\t<\/div>\n\t\t","protected":false},"excerpt":{"rendered":"<p>Kim jeste\u015bmy? Prawdziwi podr\u00f3\u017cnicy, prawdziwe do\u015bwiadczenia &#8211; Pomagamy wynaj\u0105\u0107 samoch\u00f3d! Witamy! Nie jeste\u015bmy zwyk\u0142\u0105 por\u00f3wnywark\u0105 wypo\u017cyczalni samochod\u00f3w. Stworzyli\u015bmy t\u0119 stron\u0119 z ponad dziesi\u0119cioletnim do\u015bwiadczeniem w podr\u00f3\u017cowaniu po Hiszpanii i niezliczonymi do\u015bwiadczeniami zwi\u0105zanymi z wynajmem samochod\u00f3w, aby dzieli\u0107 si\u0119 z Tob\u0105 prawdziwymi, wiarygodnymi informacjami. Jak zacz\u0119li\u015bmy? Podobnie jak wiele innych os\u00f3b, rozpocz\u0119li\u015bmy nasz\u0105 przygod\u0119 w Hiszpanii [&hellip;]<\/p>\n","protected":false},"author":1,"featured_media":0,"parent":0,"menu_order":11,"comment_status":"closed","ping_status":"closed","template":"elementor_header_footer","meta":{"footnotes":""},"class_list":["post-16341","page","type-page","status-publish","hentry"],"_links":{"self":[{"href":"https:\/\/car4youspain.com\/pl\/wp-json\/wp\/v2\/pages\/16341","targetHints":{"allow":["GET"]}}],"collection":[{"href":"https:\/\/car4youspain.com\/pl\/wp-json\/wp\/v2\/pages"}],"about":[{"href":"https:\/\/car4youspain.com\/pl\/wp-json\/wp\/v2\/types\/page"}],"author":[{"embeddable":true,"href":"https:\/\/car4youspain.com\/pl\/wp-json\/wp\/v2\/users\/1"}],"replies":[{"embeddable":true,"href":"https:\/\/car4youspain.com\/pl\/wp-json\/wp\/v2\/comments?post=16341"}],"version-history":[{"count":0,"href":"https:\/\/car4youspain.com\/pl\/wp-json\/wp\/v2\/pages\/16341\/revisions"}],"wp:attachment":[{"href":"https:\/\/car4youspain.com\/pl\/wp-json\/wp\/v2\/media?parent=16341"}],"curies":[{"name":"wp","href":"https:\/\/api.w.org\/{rel}","templated":true}]}}