{"id":16335,"date":"2025-01-15T20:58:47","date_gmt":"2025-01-15T20:58:47","guid":{"rendered":"https:\/\/car4youspain.com\/przewodnik-po-wypozyczalniach-samochodow-blog-podrozniczy\/"},"modified":"2025-07-03T17:16:29","modified_gmt":"2025-07-03T17:16:29","slug":"przewodnik-po-wypozyczalniach-samochodow-blog-podrozniczy","status":"publish","type":"page","link":"https:\/\/car4youspain.com\/pl\/przewodnik-po-wypozyczalniach-samochodow-blog-podrozniczy\/","title":{"rendered":"Przewodnik po wypo\u017cyczalniach samochod\u00f3w &#8211; Blog podr\u00f3\u017cniczy"},"content":{"rendered":"\t\t<div data-elementor-type=\"wp-page\" data-elementor-id=\"16335\" class=\"elementor elementor-16335\" data-elementor-post-type=\"page\">\n\t\t\t\t<div class=\"elementor-element elementor-element-cf5299a e-flex e-con-boxed e-con e-parent\" data-id=\"cf5299a\" data-element_type=\"container\" data-e-type=\"container\" data-settings=\"{&quot;background_background&quot;:&quot;classic&quot;}\">\n\t\t\t\t\t<div class=\"e-con-inner\">\n\t\t\t\t<div class=\"elementor-element elementor-element-76518bb elementor-widget elementor-widget-heading\" data-id=\"76518bb\" data-element_type=\"widget\" data-e-type=\"widget\" data-widget_type=\"heading.default\">\n\t\t\t\t\t<h1 class=\"elementor-heading-title elementor-size-default\">Odkryj hiszpa\u0144ski m\u0105drzej: wskaz\u00f3wki i pomys\u0142y dotycz\u0105ce podr\u00f3\u017cy<\/h1>\t\t\t\t<\/div>\n\t\t\t\t\t<\/div>\n\t\t\t\t<\/div>\n\t\t<div class=\"elementor-element elementor-element-4eb9e7b e-flex e-con-boxed e-con e-parent\" data-id=\"4eb9e7b\" data-element_type=\"container\" data-e-type=\"container\" data-settings=\"{&quot;background_background&quot;:&quot;classic&quot;}\">\n\t\t\t\t\t<div class=\"e-con-inner\">\n\t\t<div class=\"elementor-element elementor-element-53ea5b2 e-con-full e-flex e-con e-child\" data-id=\"53ea5b2\" data-element_type=\"container\" data-e-type=\"container\" data-settings=\"{&quot;background_background&quot;:&quot;classic&quot;}\">\n\t\t\t\t<div class=\"elementor-element elementor-element-0ecde61 elementor-widget elementor-widget-heading\" data-id=\"0ecde61\" data-element_type=\"widget\" data-e-type=\"widget\" data-widget_type=\"heading.default\">\n\t\t\t\t\t<h2 class=\"elementor-heading-title elementor-size-default\">Wiber Rent a Car  <\/h2>\t\t\t\t<\/div>\n\t\t\t\t<div class=\"elementor-element elementor-element-dc99343 elementor-widget elementor-widget-text-editor\" data-id=\"dc99343\" data-element_type=\"widget\" data-e-type=\"widget\" data-widget_type=\"text-editor.default\">\n\t\t\t\t\t\t\t\t\t<p>Przewodnik po Wikey Smart Box<\/p>\t\t\t\t\t\t\t\t<\/div>\n\t\t\t\t<div class=\"elementor-element elementor-element-fb72a6e elementor-widget elementor-widget-spacer\" data-id=\"fb72a6e\" data-element_type=\"widget\" data-e-type=\"widget\" data-widget_type=\"spacer.default\">\n\t\t\t\t\t\t\t<div class=\"elementor-spacer\">\n\t\t\t<div class=\"elementor-spacer-inner\"><\/div>\n\t\t<\/div>\n\t\t\t\t\t\t<\/div>\n\t\t\t\t<div class=\"elementor-element elementor-element-7ad72c8 elementor-align-left elementor-widget elementor-widget-button\" data-id=\"7ad72c8\" data-element_type=\"widget\" data-e-type=\"widget\" data-widget_type=\"button.default\">\n\t\t\t\t\t\t\t\t\t\t<a class=\"elementor-button elementor-button-link elementor-size-sm\" href=\"https:\/\/car4youspain.com\/pl\/wiber-rent-a-car-wikey-smart-box\/\">\n\t\t\t\t\t\t<span class=\"elementor-button-content-wrapper\">\n\t\t\t\t\t\t\t\t\t<span class=\"elementor-button-text\">Czytaj wi\u0119cej<\/span>\n\t\t\t\t\t<\/span>\n\t\t\t\t\t<\/a>\n\t\t\t\t\t\t\t\t<\/div>\n\t\t\t\t<\/div>\n\t\t<div class=\"elementor-element elementor-element-4c306db e-con-full e-flex e-con e-child\" data-id=\"4c306db\" data-element_type=\"container\" data-e-type=\"container\" data-settings=\"{&quot;background_background&quot;:&quot;classic&quot;}\">\n\t\t\t\t<div class=\"elementor-element elementor-element-2295343 elementor-widget elementor-widget-heading\" data-id=\"2295343\" data-element_type=\"widget\" data-e-type=\"widget\" data-widget_type=\"heading.default\">\n\t\t\t\t\t<h2 class=\"elementor-heading-title elementor-size-default\">Wskaz\u00f3wki dotycz\u0105ce wynajmu samochod\u00f3w w Hiszpanii:  <\/h2>\t\t\t\t<\/div>\n\t\t\t\t<div class=\"elementor-element elementor-element-9a17ab7 elementor-widget elementor-widget-text-editor\" data-id=\"9a17ab7\" data-element_type=\"widget\" data-e-type=\"widget\" data-widget_type=\"text-editor.default\">\n\t\t\t\t\t\t\t\t\t<p>Co ka\u017cdy podr\u00f3\u017cnik wiedzie\u0107 powinien<\/p>\t\t\t\t\t\t\t\t<\/div>\n\t\t\t\t<div class=\"elementor-element elementor-element-a5c9f51 elementor-widget elementor-widget-spacer\" data-id=\"a5c9f51\" data-element_type=\"widget\" data-e-type=\"widget\" data-widget_type=\"spacer.default\">\n\t\t\t\t\t\t\t<div class=\"elementor-spacer\">\n\t\t\t<div class=\"elementor-spacer-inner\"><\/div>\n\t\t<\/div>\n\t\t\t\t\t\t<\/div>\n\t\t\t\t<div class=\"elementor-element elementor-element-141948f elementor-align-left elementor-widget elementor-widget-button\" data-id=\"141948f\" data-element_type=\"widget\" data-e-type=\"widget\" data-widget_type=\"button.default\">\n\t\t\t\t\t\t\t\t\t\t<a class=\"elementor-button elementor-button-link elementor-size-sm\" href=\"https:\/\/car4youspain.com\/pl\/przewodnik-po-wypozyczalniach-samochodow-hiszpania\/\">\n\t\t\t\t\t\t<span class=\"elementor-button-content-wrapper\">\n\t\t\t\t\t\t\t\t\t<span class=\"elementor-button-text\">Czytaj wi\u0119cej<\/span>\n\t\t\t\t\t<\/span>\n\t\t\t\t\t<\/a>\n\t\t\t\t\t\t\t\t<\/div>\n\t\t\t\t<\/div>\n\t\t<div class=\"elementor-element elementor-element-dd8e1e0 e-con-full e-flex e-con e-child\" data-id=\"dd8e1e0\" data-element_type=\"container\" data-e-type=\"container\" data-settings=\"{&quot;background_background&quot;:&quot;classic&quot;}\">\n\t\t\t\t<div class=\"elementor-element elementor-element-526cbbf elementor-widget elementor-widget-heading\" data-id=\"526cbbf\" data-element_type=\"widget\" data-e-type=\"widget\" data-widget_type=\"heading.default\">\n\t\t\t\t\t<h2 class=\"elementor-heading-title elementor-size-default\">Wiber Rent a Car 10% ZNI\u017bKI<\/h2>\t\t\t\t<\/div>\n\t\t\t\t<div class=\"elementor-element elementor-element-9a0c442 elementor-widget elementor-widget-text-editor\" data-id=\"9a0c442\" data-element_type=\"widget\" data-e-type=\"widget\" data-widget_type=\"text-editor.default\">\n\t\t\t\t\t\t\t\t\t<p>kod rabatowy: FIESTA10<\/p>\t\t\t\t\t\t\t\t<\/div>\n\t\t\t\t<div class=\"elementor-element elementor-element-6dec934 elementor-widget elementor-widget-spacer\" data-id=\"6dec934\" data-element_type=\"widget\" data-e-type=\"widget\" data-widget_type=\"spacer.default\">\n\t\t\t\t\t\t\t<div class=\"elementor-spacer\">\n\t\t\t<div class=\"elementor-spacer-inner\"><\/div>\n\t\t<\/div>\n\t\t\t\t\t\t<\/div>\n\t\t\t\t<div class=\"elementor-element elementor-element-a3c132a elementor-align-left elementor-widget elementor-widget-button\" data-id=\"a3c132a\" data-element_type=\"widget\" data-e-type=\"widget\" data-widget_type=\"button.default\">\n\t\t\t\t\t\t\t\t\t\t<a class=\"elementor-button elementor-button-link elementor-size-sm\" href=\"https:\/\/car4youspain.com\/pl\/wiber-rent-a-car-kod-rabatowy\/\">\n\t\t\t\t\t\t<span class=\"elementor-button-content-wrapper\">\n\t\t\t\t\t\t\t\t\t<span class=\"elementor-button-text\">Czytaj wi\u0119cej<\/span>\n\t\t\t\t\t<\/span>\n\t\t\t\t\t<\/a>\n\t\t\t\t\t\t\t\t<\/div>\n\t\t\t\t<\/div>\n\t\t<div class=\"elementor-element elementor-element-435347f e-con-full e-flex e-con e-child\" data-id=\"435347f\" data-element_type=\"container\" data-e-type=\"container\" data-settings=\"{&quot;background_background&quot;:&quot;classic&quot;}\">\n\t\t\t\t<div class=\"elementor-element elementor-element-ac9638d elementor-widget elementor-widget-heading\" data-id=\"ac9638d\" data-element_type=\"widget\" data-e-type=\"widget\" data-widget_type=\"heading.default\">\n\t\t\t\t\t<h2 class=\"elementor-heading-title elementor-size-default\">OffUgo 10% OFF<\/h2>\t\t\t\t<\/div>\n\t\t\t\t<div class=\"elementor-element elementor-element-5cd2956 elementor-widget elementor-widget-text-editor\" data-id=\"5cd2956\" data-element_type=\"widget\" data-e-type=\"widget\" data-widget_type=\"text-editor.default\">\n\t\t\t\t\t\t\t\t\t<p>kod rabatowy: FIESTA10<\/p>\t\t\t\t\t\t\t\t<\/div>\n\t\t\t\t<div class=\"elementor-element elementor-element-f93a1a1 elementor-widget elementor-widget-spacer\" data-id=\"f93a1a1\" data-element_type=\"widget\" data-e-type=\"widget\" data-widget_type=\"spacer.default\">\n\t\t\t\t\t\t\t<div class=\"elementor-spacer\">\n\t\t\t<div class=\"elementor-spacer-inner\"><\/div>\n\t\t<\/div>\n\t\t\t\t\t\t<\/div>\n\t\t\t\t<div class=\"elementor-element elementor-element-0db0e35 elementor-align-left elementor-widget elementor-widget-button\" data-id=\"0db0e35\" data-element_type=\"widget\" data-e-type=\"widget\" data-widget_type=\"button.default\">\n\t\t\t\t\t\t\t\t\t\t<a class=\"elementor-button elementor-button-link elementor-size-sm\" href=\"https:\/\/car4youspain.com\/pl\/offugo-kod-promocyjny\/\">\n\t\t\t\t\t\t<span class=\"elementor-button-content-wrapper\">\n\t\t\t\t\t\t\t\t\t<span class=\"elementor-button-text\">Czytaj wi\u0119cej<\/span>\n\t\t\t\t\t<\/span>\n\t\t\t\t\t<\/a>\n\t\t\t\t\t\t\t\t<\/div>\n\t\t\t\t<\/div>\n\t\t\t\t\t<\/div>\n\t\t\t\t<\/div>\n\t\t<div class=\"elementor-element elementor-element-0cf8d6d e-flex e-con-boxed e-con e-parent\" data-id=\"0cf8d6d\" data-element_type=\"container\" data-e-type=\"container\" data-settings=\"{&quot;background_background&quot;:&quot;classic&quot;}\">\n\t\t\t\t\t<div class=\"e-con-inner\">\n\t\t<div class=\"elementor-element elementor-element-a70d430 e-con-full e-flex e-con e-child\" data-id=\"a70d430\" data-element_type=\"container\" data-e-type=\"container\" data-settings=\"{&quot;background_background&quot;:&quot;classic&quot;}\">\n\t\t\t\t<div class=\"elementor-element elementor-element-6743a59 elementor-widget elementor-widget-heading\" data-id=\"6743a59\" data-element_type=\"widget\" data-e-type=\"widget\" data-widget_type=\"heading.default\">\n\t\t\t\t\t<h2 class=\"elementor-heading-title elementor-size-default\">Vima Rent a Car 10% ZNI\u017bKI  <\/h2>\t\t\t\t<\/div>\n\t\t\t\t<div class=\"elementor-element elementor-element-7c82417 elementor-widget elementor-widget-text-editor\" data-id=\"7c82417\" data-element_type=\"widget\" data-e-type=\"widget\" data-widget_type=\"text-editor.default\">\n\t\t\t\t\t\t\t\t\t<p>Kod promocyjny: FIESTA10<\/p>\t\t\t\t\t\t\t\t<\/div>\n\t\t\t\t<div class=\"elementor-element elementor-element-463fc4b elementor-widget elementor-widget-spacer\" data-id=\"463fc4b\" data-element_type=\"widget\" data-e-type=\"widget\" data-widget_type=\"spacer.default\">\n\t\t\t\t\t\t\t<div class=\"elementor-spacer\">\n\t\t\t<div class=\"elementor-spacer-inner\"><\/div>\n\t\t<\/div>\n\t\t\t\t\t\t<\/div>\n\t\t\t\t<div class=\"elementor-element elementor-element-a974a92 elementor-align-left elementor-widget elementor-widget-button\" data-id=\"a974a92\" data-element_type=\"widget\" data-e-type=\"widget\" data-widget_type=\"button.default\">\n\t\t\t\t\t\t\t\t\t\t<a class=\"elementor-button elementor-button-link elementor-size-sm\" href=\"https:\/\/car4youspain.com\/pl\/vima-rent-a-car-znizka\/\">\n\t\t\t\t\t\t<span class=\"elementor-button-content-wrapper\">\n\t\t\t\t\t\t\t\t\t<span class=\"elementor-button-text\">Czytaj wi\u0119cej<\/span>\n\t\t\t\t\t<\/span>\n\t\t\t\t\t<\/a>\n\t\t\t\t\t\t\t\t<\/div>\n\t\t\t\t<\/div>\n\t\t\t\t\t<\/div>\n\t\t\t\t<\/div>\n\t\t<div class=\"elementor-element elementor-element-710f9c7 e-flex e-con-boxed e-con e-parent\" data-id=\"710f9c7\" data-element_type=\"container\" data-e-type=\"container\" data-settings=\"{&quot;background_background&quot;:&quot;classic&quot;}\">\n\t\t\t\t\t<div class=\"e-con-inner\">\n\t\t\t\t<div class=\"elementor-element elementor-element-abd3722 elementor-widget elementor-widget-spacer\" data-id=\"abd3722\" data-element_type=\"widget\" data-e-type=\"widget\" data-widget_type=\"spacer.default\">\n\t\t\t\t\t\t\t<div class=\"elementor-spacer\">\n\t\t\t<div class=\"elementor-spacer-inner\"><\/div>\n\t\t<\/div>\n\t\t\t\t\t\t<\/div>\n\t\t\t\t\t<\/div>\n\t\t\t\t<\/div>\n\t\t\t\t<\/div>\n\t\t","protected":false},"excerpt":{"rendered":"<p>Odkryj hiszpa\u0144ski m\u0105drzej: wskaz\u00f3wki i pomys\u0142y dotycz\u0105ce podr\u00f3\u017cy Wiber Rent a Car Przewodnik po Wikey Smart Box Czytaj wi\u0119cej Wskaz\u00f3wki dotycz\u0105ce wynajmu samochod\u00f3w w Hiszpanii: Co ka\u017cdy podr\u00f3\u017cnik wiedzie\u0107 powinien Czytaj wi\u0119cej Wiber Rent a Car 10% ZNI\u017bKI kod rabatowy: FIESTA10 Czytaj wi\u0119cej OffUgo 10% OFF kod rabatowy: FIESTA10 Czytaj wi\u0119cej Vima Rent a Car [&hellip;]<\/p>\n","protected":false},"author":1,"featured_media":0,"parent":0,"menu_order":0,"comment_status":"closed","ping_status":"closed","template":"elementor_header_footer","meta":{"footnotes":""},"class_list":["post-16335","page","type-page","status-publish","hentry"],"_links":{"self":[{"href":"https:\/\/car4youspain.com\/pl\/wp-json\/wp\/v2\/pages\/16335","targetHints":{"allow":["GET"]}}],"collection":[{"href":"https:\/\/car4youspain.com\/pl\/wp-json\/wp\/v2\/pages"}],"about":[{"href":"https:\/\/car4youspain.com\/pl\/wp-json\/wp\/v2\/types\/page"}],"author":[{"embeddable":true,"href":"https:\/\/car4youspain.com\/pl\/wp-json\/wp\/v2\/users\/1"}],"replies":[{"embeddable":true,"href":"https:\/\/car4youspain.com\/pl\/wp-json\/wp\/v2\/comments?post=16335"}],"version-history":[{"count":0,"href":"https:\/\/car4youspain.com\/pl\/wp-json\/wp\/v2\/pages\/16335\/revisions"}],"wp:attachment":[{"href":"https:\/\/car4youspain.com\/pl\/wp-json\/wp\/v2\/media?parent=16335"}],"curies":[{"name":"wp","href":"https:\/\/api.w.org\/{rel}","templated":true}]}}