{"id":16241,"date":"2024-11-22T21:51:42","date_gmt":"2024-11-22T21:51:42","guid":{"rendered":"https:\/\/car4youspain.com\/quienes-somos\/"},"modified":"2025-07-09T18:06:55","modified_gmt":"2025-07-09T18:06:55","slug":"quienes-somos","status":"publish","type":"page","link":"https:\/\/car4youspain.com\/es\/quienes-somos\/","title":{"rendered":"Qui\u00e9nes somos"},"content":{"rendered":"\t\t<div data-elementor-type=\"wp-page\" data-elementor-id=\"16241\" class=\"elementor elementor-16241 elementor-4812\" data-elementor-post-type=\"page\">\n\t\t\t\t<div class=\"elementor-element elementor-element-07962cd e-flex e-con-boxed e-con e-parent\" data-id=\"07962cd\" data-element_type=\"container\" data-e-type=\"container\">\n\t\t\t\t\t<div class=\"e-con-inner\">\n\t\t\t\t<div class=\"elementor-element elementor-element-6b535a3 elementor-widget elementor-widget-spacer\" data-id=\"6b535a3\" data-element_type=\"widget\" data-e-type=\"widget\" data-widget_type=\"spacer.default\">\n\t\t\t\t\t\t\t<div class=\"elementor-spacer\">\n\t\t\t<div class=\"elementor-spacer-inner\"><\/div>\n\t\t<\/div>\n\t\t\t\t\t\t<\/div>\n\t\t\t\t\t<\/div>\n\t\t\t\t<\/div>\n\t\t<div class=\"elementor-element elementor-element-420f5d0 e-flex e-con-boxed e-con e-parent\" data-id=\"420f5d0\" data-element_type=\"container\" data-e-type=\"container\">\n\t\t\t\t\t<div class=\"e-con-inner\">\n\t\t\t\t<div class=\"elementor-element elementor-element-967242f elementor-widget elementor-widget-heading\" data-id=\"967242f\" data-element_type=\"widget\" data-e-type=\"widget\" data-widget_type=\"heading.default\">\n\t\t\t\t\t<h1 class=\"elementor-heading-title elementor-size-default\">\u00bfQui\u00e9nes somos?<\/h1>\t\t\t\t<\/div>\n\t\t<div class=\"elementor-element elementor-element-089b49b e-grid e-con-full e-con e-child\" data-id=\"089b49b\" data-element_type=\"container\" data-e-type=\"container\">\n\t\t<div class=\"elementor-element elementor-element-76dbc9d e-con-full e-flex e-con e-child\" data-id=\"76dbc9d\" data-element_type=\"container\" data-e-type=\"container\">\n\t\t\t\t<div class=\"elementor-element elementor-element-1d2162c elementor-widget elementor-widget-heading\" data-id=\"1d2162c\" data-element_type=\"widget\" data-e-type=\"widget\" data-widget_type=\"heading.default\">\n\t\t\t\t\t<h2 class=\"elementor-heading-title elementor-size-default\">Viajeros reales, experiencias reales: \u00a1te ayudamos a alquilar un coche!<\/h2>\t\t\t\t<\/div>\n\t\t\t\t<div class=\"elementor-element elementor-element-9ca299e elementor-widget elementor-widget-text-editor\" data-id=\"9ca299e\" data-element_type=\"widget\" data-e-type=\"widget\" data-widget_type=\"text-editor.default\">\n\t\t\t\t\t\t\t\t\t<p>Bienvenido. No somos solo una plataforma de comparaci\u00f3n de alquiler de coches. HHemos creado este sitio con m\u00e1s de <strong>diez a\u00f1os de experiencia viajando por Espa\u00f1a y con innumerables alquileres de coches <\/strong>a nuestras espaldas, para compartir contigo informaci\u00f3n real y fiable.  <\/p>\t\t\t\t\t\t\t\t<\/div>\n\t\t\t\t<\/div>\n\t\t\t\t<div class=\"elementor-element elementor-element-60bc41c elementor-widget elementor-widget-image\" data-id=\"60bc41c\" data-element_type=\"widget\" data-e-type=\"widget\" data-widget_type=\"image.default\">\n\t\t\t\t\t\t\t\t\t\t\t\t\t\t\t<img decoding=\"async\" src=\"https:\/\/car4youspain.com\/wp-content\/uploads\/elementor\/thumbs\/car-rental-spain-without-deposit-r87ixgzafkp74bfg9nf7zym803azm10kenkzeie6qo.jpg\" title=\"car rental spain without deposit\" alt=\"car rental spain without deposit\" loading=\"lazy\" \/>\t\t\t\t\t\t\t\t\t\t\t\t\t\t\t<\/div>\n\t\t\t\t<\/div>\n\t\t\t\t<div class=\"elementor-element elementor-element-0cea1de elementor-widget elementor-widget-heading\" data-id=\"0cea1de\" data-element_type=\"widget\" data-e-type=\"widget\" data-widget_type=\"heading.default\">\n\t\t\t\t\t<h2 class=\"elementor-heading-title elementor-size-default\">\u00bfC\u00f3mo empezamos?<\/h2>\t\t\t\t<\/div>\n\t\t\t\t<div class=\"elementor-element elementor-element-2ff5aa8 elementor-widget elementor-widget-text-editor\" data-id=\"2ff5aa8\" data-element_type=\"widget\" data-e-type=\"widget\" data-widget_type=\"text-editor.default\">\n\t\t\t\t\t\t\t\t\t<p>Como muchos otros, empezamos nuestras aventuras en Espa\u00f1a a trav\u00e9s de un popular sitio web de alquiler de coches. Sin embargo, tras una <strong>mala experiencia<\/strong>, enseguida nos dimos cuenta de que <strong>era mejor alquilar directamente con las propias empresas de alquiler<\/strong>. <\/p><p>Esta constataci\u00f3n nos impuls\u00f3 a profundizar en el tema y encontrar empresas de alquiler fiables que realmente ofrezcan el mejor servicio.<\/p>\t\t\t\t\t\t\t\t<\/div>\n\t\t\t\t<div class=\"elementor-element elementor-element-0174104 elementor-widget elementor-widget-heading\" data-id=\"0174104\" data-element_type=\"widget\" data-e-type=\"widget\" data-widget_type=\"heading.default\">\n\t\t\t\t\t<h2 class=\"elementor-heading-title elementor-size-default\">\u00bfQu\u00e9 ofrecemos?<\/h2>\t\t\t\t<\/div>\n\t\t\t\t<div class=\"elementor-element elementor-element-9d60f96 elementor-widget elementor-widget-text-editor\" data-id=\"9d60f96\" data-element_type=\"widget\" data-e-type=\"widget\" data-widget_type=\"text-editor.default\">\n\t\t\t\t\t\t\t\t\t<ul><li><strong>Informaci\u00f3n detallada y de primera mano<\/strong> sobre las mejores empresas de alquiler de coches<\/li><li><strong>Trucos y consejos pr\u00e1cticos<\/strong> para alquilar un coche sin problemas<\/li><li><strong>Opiniones y valoraciones honestas<\/strong> de viajeros reales<\/li><li><strong>Asesoramiento y asistencia personalizados<\/strong><\/li><li><strong>Contacto directo con empresas de alquiler de coches fiables<\/strong><\/li><\/ul>\t\t\t\t\t\t\t\t<\/div>\n\t\t\t\t<div class=\"elementor-element elementor-element-6fef19e elementor-widget elementor-widget-heading\" data-id=\"6fef19e\" data-element_type=\"widget\" data-e-type=\"widget\" data-widget_type=\"heading.default\">\n\t\t\t\t\t<h2 class=\"elementor-heading-title elementor-size-default\">\u00bfC\u00f3mo te ayudamos a tomar la mejor decisi\u00f3n?\n<\/h2>\t\t\t\t<\/div>\n\t\t\t\t<div class=\"elementor-element elementor-element-043667e elementor-widget elementor-widget-text-editor\" data-id=\"043667e\" data-element_type=\"widget\" data-e-type=\"widget\" data-widget_type=\"text-editor.default\">\n\t\t\t\t\t\t\t\t\t<p><strong>Somos viajeros experimentados<\/strong>: sabemos exactamente qu\u00e9 escollos puedes encontrar al alquilar un coche y podemos ayudarte a evitarlos.<\/p><p><strong>No solo informamos, ayudamos<\/strong>: nuestro sitio web no es solo un comparador, es una gu\u00eda completa para ayudarte a tomar la decisi\u00f3n correcta.<\/p><p><strong>Recomendaciones independientes y fiables<\/strong>: solo recomendamos empresas de alquiler que ofrecen un servicio realmente bueno, para que puedas estar seguro de estar tomando la mejor decisi\u00f3n.<\/p><p><strong>Orientaci\u00f3n honesta y clara<\/strong>: no te hacemos rebuscar en la letra peque\u00f1a, te explicamos todo lo que necesitas saber en t\u00e9rminos claros para que puedas reservar con confianza.<\/p><p>As\u00ed podr\u00e1s ahorrar tiempo, dinero y molestias, mientras disfrutas de tu viaje sin preocupaciones.<\/p>\t\t\t\t\t\t\t\t<\/div>\n\t\t\t\t<div class=\"elementor-element elementor-element-6f497e0 elementor-widget elementor-widget-heading\" data-id=\"6f497e0\" data-element_type=\"widget\" data-e-type=\"widget\" data-widget_type=\"heading.default\">\n\t\t\t\t\t<h2 class=\"elementor-heading-title elementor-size-default\">Sabemos qu\u00e9 preguntas puedes tener...<\/h2>\t\t\t\t<\/div>\n\t\t\t\t<div class=\"elementor-element elementor-element-46a5185 elementor-widget elementor-widget-text-editor\" data-id=\"46a5185\" data-element_type=\"widget\" data-e-type=\"widget\" data-widget_type=\"text-editor.default\">\n\t\t\t\t\t\t\t\t\t<p>\u00bfD\u00f3nde alquilar un coche en Espa\u00f1a?<br>\u00bfQu\u00e9 empresa de alquiler es la m\u00e1s fiable?<br>\u00bfQu\u00e9 hay que tener en cuenta para evitar costes ocultos?<br>\u00bfQu\u00e9 seguro elegir?<\/p><p><strong>Tenemos todas las respuestas.<\/strong> Consulta nuestras gu\u00edas en cada destino y encuentra la mejor opci\u00f3n de alquiler de coches para ti.<\/p>\t\t\t\t\t\t\t\t<\/div>\n\t\t\t\t<div class=\"elementor-element elementor-element-ac817d0 elementor-widget elementor-widget-heading\" data-id=\"ac817d0\" data-element_type=\"widget\" data-e-type=\"widget\" data-widget_type=\"heading.default\">\n\t\t\t\t\t<h2 class=\"elementor-heading-title elementor-size-default\">Haz que el alquiler de coches sea sencillo, r\u00e1pido y sin complicaciones: \u00a1con nosotros!<\/h2>\t\t\t\t<\/div>\n\t\t\t\t\t<\/div>\n\t\t\t\t<\/div>\n\t\t<div class=\"elementor-element elementor-element-e129b01 e-flex e-con-boxed e-con e-parent\" data-id=\"e129b01\" data-element_type=\"container\" data-e-type=\"container\">\n\t\t\t\t\t<div class=\"e-con-inner\">\n\t\t\t\t<div class=\"elementor-element elementor-element-a131a59 elementor-widget elementor-widget-spacer\" data-id=\"a131a59\" data-element_type=\"widget\" data-e-type=\"widget\" data-widget_type=\"spacer.default\">\n\t\t\t\t\t\t\t<div class=\"elementor-spacer\">\n\t\t\t<div class=\"elementor-spacer-inner\"><\/div>\n\t\t<\/div>\n\t\t\t\t\t\t<\/div>\n\t\t\t\t\t<\/div>\n\t\t\t\t<\/div>\n\t\t<div class=\"elementor-element elementor-element-5a55913 e-flex e-con-boxed e-con e-parent\" data-id=\"5a55913\" data-element_type=\"container\" data-e-type=\"container\" data-settings=\"{&quot;background_background&quot;:&quot;classic&quot;}\">\n\t\t\t\t\t<div class=\"e-con-inner\">\n\t\t\t\t<div class=\"elementor-element elementor-element-cd4307a elementor-headline--style-highlight elementor-widget elementor-widget-animated-headline\" data-id=\"cd4307a\" data-element_type=\"widget\" data-e-type=\"widget\" data-settings=\"{&quot;marker&quot;:&quot;underline&quot;,&quot;highlighted_text&quot;:&quot;estamos aqu\\u00ed para ayudarte.&quot;,&quot;headline_style&quot;:&quot;highlight&quot;,&quot;loop&quot;:&quot;yes&quot;,&quot;highlight_animation_duration&quot;:1200,&quot;highlight_iteration_delay&quot;:8000}\" data-widget_type=\"animated-headline.default\">\n\t\t\t\t\t\t\t<h3 class=\"elementor-headline\">\n\t\t\t\t\t<span class=\"elementor-headline-plain-text elementor-headline-text-wrapper\">\u00bfNecesitas ayuda? Env\u00edanos un email o escr\u00edbenos por WhatsApp \u2014 <\/span>\n\t\t\t\t<span class=\"elementor-headline-dynamic-wrapper elementor-headline-text-wrapper\">\n\t\t\t\t\t<span class=\"elementor-headline-dynamic-text elementor-headline-text-active\">estamos aqu\u00ed para ayudarte.<\/span>\n\t\t\t\t<\/span>\n\t\t\t\t<\/h3>\n\t\t\t\t\t\t<\/div>\n\t\t\t\t<div class=\"elementor-element elementor-element-2537c48 elementor-widget elementor-widget-spacer\" data-id=\"2537c48\" data-element_type=\"widget\" data-e-type=\"widget\" data-widget_type=\"spacer.default\">\n\t\t\t\t\t\t\t<div class=\"elementor-spacer\">\n\t\t\t<div class=\"elementor-spacer-inner\"><\/div>\n\t\t<\/div>\n\t\t\t\t\t\t<\/div>\n\t\t\t\t\t<\/div>\n\t\t\t\t<\/div>\n\t\t\t\t<\/div>\n\t\t","protected":false},"excerpt":{"rendered":"<p>\u00bfQui\u00e9nes somos? Viajeros reales, experiencias reales: \u00a1te ayudamos a alquilar un coche! Bienvenido. No somos solo una plataforma de comparaci\u00f3n de alquiler de coches. HHemos creado este sitio con m\u00e1s de diez a\u00f1os de experiencia viajando por Espa\u00f1a y con innumerables alquileres de coches a nuestras espaldas, para compartir contigo informaci\u00f3n real y fiable. \u00bfC\u00f3mo [&hellip;]<\/p>\n","protected":false},"author":1,"featured_media":0,"parent":0,"menu_order":11,"comment_status":"closed","ping_status":"closed","template":"elementor_header_footer","meta":{"footnotes":""},"class_list":["post-16241","page","type-page","status-publish","hentry"],"_links":{"self":[{"href":"https:\/\/car4youspain.com\/es\/wp-json\/wp\/v2\/pages\/16241","targetHints":{"allow":["GET"]}}],"collection":[{"href":"https:\/\/car4youspain.com\/es\/wp-json\/wp\/v2\/pages"}],"about":[{"href":"https:\/\/car4youspain.com\/es\/wp-json\/wp\/v2\/types\/page"}],"author":[{"embeddable":true,"href":"https:\/\/car4youspain.com\/es\/wp-json\/wp\/v2\/users\/1"}],"replies":[{"embeddable":true,"href":"https:\/\/car4youspain.com\/es\/wp-json\/wp\/v2\/comments?post=16241"}],"version-history":[{"count":0,"href":"https:\/\/car4youspain.com\/es\/wp-json\/wp\/v2\/pages\/16241\/revisions"}],"wp:attachment":[{"href":"https:\/\/car4youspain.com\/es\/wp-json\/wp\/v2\/media?parent=16241"}],"curies":[{"name":"wp","href":"https:\/\/api.w.org\/{rel}","templated":true}]}}